{"id":12,"date":"2025-06-18T12:30:26","date_gmt":"2025-06-18T09:30:26","guid":{"rendered":"https:\/\/lcmarket.pro\/?page_id=12"},"modified":"2025-06-24T16:37:20","modified_gmt":"2025-06-24T13:37:20","slug":"extensions","status":"publish","type":"page","link":"https:\/\/lcmarket.pro\/fr\/extensions\/","title":{"rendered":"Extensions"},"content":{"rendered":"<h2>Restez connect\u00e9, obtenez de l\u2019aide<\/h2>\n<p class=\"text1\">Chez Lagrange, nous proposons une gamme d\u2019outils fiables pour garantir que vous restiez toujours en contact avec notre \u00e9quipe d\u2019assistance, en toute s\u00e9curit\u00e9 et efficacit\u00e9. T\u00e9l\u00e9chargez l\u2019application adapt\u00e9e \u00e0 votre appareil et obtenez une aide d\u2019expert \u00e0 tout moment.<\/p>\n","protected":false},"excerpt":{"rendered":"<p>Restez connect\u00e9, obtenez de l\u2019aide Chez Lagrange, nous proposons une gamme d\u2019outils fiables pour garantir que vous restiez toujours en contact avec notre \u00e9quipe d\u2019assistance, en toute s\u00e9curit\u00e9 et efficacit\u00e9. T\u00e9l\u00e9chargez l\u2019application adapt\u00e9e \u00e0 votre appareil et obtenez une aide d\u2019expert \u00e0 tout moment.<\/p>\n","protected":false},"author":1,"featured_media":0,"parent":0,"menu_order":0,"comment_status":"closed","ping_status":"closed","template":"pages-template\/template-extensions.php","meta":{"footnotes":""},"class_list":["post-12","page","type-page","status-publish","hentry"],"_links":{"self":[{"href":"https:\/\/lcmarket.pro\/fr\/wp-json\/wp\/v2\/pages\/12","targetHints":{"allow":["GET"]}}],"collection":[{"href":"https:\/\/lcmarket.pro\/fr\/wp-json\/wp\/v2\/pages"}],"about":[{"href":"https:\/\/lcmarket.pro\/fr\/wp-json\/wp\/v2\/types\/page"}],"author":[{"embeddable":true,"href":"https:\/\/lcmarket.pro\/fr\/wp-json\/wp\/v2\/users\/1"}],"replies":[{"embeddable":true,"href":"https:\/\/lcmarket.pro\/fr\/wp-json\/wp\/v2\/comments?post=12"}],"version-history":[{"count":3,"href":"https:\/\/lcmarket.pro\/fr\/wp-json\/wp\/v2\/pages\/12\/revisions"}],"predecessor-version":[{"id":142,"href":"https:\/\/lcmarket.pro\/fr\/wp-json\/wp\/v2\/pages\/12\/revisions\/142"}],"wp:attachment":[{"href":"https:\/\/lcmarket.pro\/fr\/wp-json\/wp\/v2\/media?parent=12"}],"curies":[{"name":"wp","href":"https:\/\/api.w.org\/{rel}","templated":true}]}}