{"id":36,"date":"2025-06-18T12:34:09","date_gmt":"2025-06-18T09:34:09","guid":{"rendered":"https:\/\/lcmarket.pro\/?page_id=36"},"modified":"2025-06-24T16:22:51","modified_gmt":"2025-06-24T13:22:51","slug":"ai-tools","status":"publish","type":"page","link":"https:\/\/lcmarket.pro\/fr\/ai-tools\/","title":{"rendered":"Outils d\u2019IA"},"content":{"rendered":"<h2>Lagrange<br \/>Trading de pr\u00e9cision avec l\u2019automatisation IA<\/h2>\n<p class=\"text1\">R\u00e9volution du trading gr\u00e2ce \u00e0 une automatisation IA de pointe. Pr\u00e9cision in\u00e9gal\u00e9e et ex\u00e9cution fluide.<\/p>\n","protected":false},"excerpt":{"rendered":"<p>LagrangeTrading de pr\u00e9cision avec l\u2019automatisation IA R\u00e9volution du trading gr\u00e2ce \u00e0 une automatisation IA de pointe. Pr\u00e9cision in\u00e9gal\u00e9e et ex\u00e9cution fluide.<\/p>\n","protected":false},"author":1,"featured_media":0,"parent":0,"menu_order":0,"comment_status":"closed","ping_status":"closed","template":"pages-template\/template-ai-tools.php","meta":{"footnotes":""},"class_list":["post-36","page","type-page","status-publish","hentry"],"_links":{"self":[{"href":"https:\/\/lcmarket.pro\/fr\/wp-json\/wp\/v2\/pages\/36","targetHints":{"allow":["GET"]}}],"collection":[{"href":"https:\/\/lcmarket.pro\/fr\/wp-json\/wp\/v2\/pages"}],"about":[{"href":"https:\/\/lcmarket.pro\/fr\/wp-json\/wp\/v2\/types\/page"}],"author":[{"embeddable":true,"href":"https:\/\/lcmarket.pro\/fr\/wp-json\/wp\/v2\/users\/1"}],"replies":[{"embeddable":true,"href":"https:\/\/lcmarket.pro\/fr\/wp-json\/wp\/v2\/comments?post=36"}],"version-history":[{"count":4,"href":"https:\/\/lcmarket.pro\/fr\/wp-json\/wp\/v2\/pages\/36\/revisions"}],"predecessor-version":[{"id":128,"href":"https:\/\/lcmarket.pro\/fr\/wp-json\/wp\/v2\/pages\/36\/revisions\/128"}],"wp:attachment":[{"href":"https:\/\/lcmarket.pro\/fr\/wp-json\/wp\/v2\/media?parent=36"}],"curies":[{"name":"wp","href":"https:\/\/api.w.org\/{rel}","templated":true}]}}