{"id":62,"date":"2025-06-18T12:42:58","date_gmt":"2025-06-18T09:42:58","guid":{"rendered":"https:\/\/lcmarket.pro\/?page_id=62"},"modified":"2025-06-24T16:52:35","modified_gmt":"2025-06-24T13:52:35","slug":"who-we-are","status":"publish","type":"page","link":"https:\/\/lcmarket.pro\/fr\/who-we-are\/","title":{"rendered":"Qui sommes-nous ?"},"content":{"rendered":"<h2>Bienvenue dans le monde de l\u2019innovation et des opportunit\u00e9s avec Lagrange&nbsp;!<\/h2>\n<p class=\"text1\">Que vous ayez des questions, besoin de conseils ou envie de vous lancer \u2014 notre \u00e9quipe est pr\u00eate \u00e0 vous accompagner. Remplissez le formulaire et votre Responsable du succ\u00e8s vous contactera rapidement.<\/p>\n","protected":false},"excerpt":{"rendered":"<p>Bienvenue dans le monde de l\u2019innovation et des opportunit\u00e9s avec Lagrange&nbsp;! Que vous ayez des questions, besoin de conseils ou envie de vous lancer \u2014 notre \u00e9quipe est pr\u00eate \u00e0 vous accompagner. Remplissez le formulaire et votre Responsable du succ\u00e8s vous contactera rapidement.<\/p>\n","protected":false},"author":1,"featured_media":0,"parent":0,"menu_order":0,"comment_status":"closed","ping_status":"closed","template":"pages-template\/template-who-we-are.php","meta":{"footnotes":""},"class_list":["post-62","page","type-page","status-publish","hentry"],"_links":{"self":[{"href":"https:\/\/lcmarket.pro\/fr\/wp-json\/wp\/v2\/pages\/62","targetHints":{"allow":["GET"]}}],"collection":[{"href":"https:\/\/lcmarket.pro\/fr\/wp-json\/wp\/v2\/pages"}],"about":[{"href":"https:\/\/lcmarket.pro\/fr\/wp-json\/wp\/v2\/types\/page"}],"author":[{"embeddable":true,"href":"https:\/\/lcmarket.pro\/fr\/wp-json\/wp\/v2\/users\/1"}],"replies":[{"embeddable":true,"href":"https:\/\/lcmarket.pro\/fr\/wp-json\/wp\/v2\/comments?post=62"}],"version-history":[{"count":3,"href":"https:\/\/lcmarket.pro\/fr\/wp-json\/wp\/v2\/pages\/62\/revisions"}],"predecessor-version":[{"id":157,"href":"https:\/\/lcmarket.pro\/fr\/wp-json\/wp\/v2\/pages\/62\/revisions\/157"}],"wp:attachment":[{"href":"https:\/\/lcmarket.pro\/fr\/wp-json\/wp\/v2\/media?parent=62"}],"curies":[{"name":"wp","href":"https:\/\/api.w.org\/{rel}","templated":true}]}}