{"id":65,"date":"2025-06-18T12:44:25","date_gmt":"2025-06-18T09:44:25","guid":{"rendered":"https:\/\/lcmarket.pro\/?page_id=65"},"modified":"2025-06-24T16:50:01","modified_gmt":"2025-06-24T13:50:01","slug":"strategy","status":"publish","type":"page","link":"https:\/\/lcmarket.pro\/fr\/strategy\/","title":{"rendered":"Strat\u00e9gie"},"content":{"rendered":"<h2>Opportunit\u00e9s d\u2019investissement diversifi\u00e9es<\/h2>\n<p class=\"text1\">Nous nous engageons pour votre r\u00e9ussite financi\u00e8re. Notre objectif principal est de rendre votre exp\u00e9rience avec un courtier confortable et sans souci.<\/p>\n","protected":false},"excerpt":{"rendered":"<p>Opportunit\u00e9s d\u2019investissement diversifi\u00e9es Nous nous engageons pour votre r\u00e9ussite financi\u00e8re. Notre objectif principal est de rendre votre exp\u00e9rience avec un courtier confortable et sans souci.<\/p>\n","protected":false},"author":1,"featured_media":0,"parent":0,"menu_order":0,"comment_status":"closed","ping_status":"closed","template":"pages-template\/template-strategy.php","meta":{"footnotes":""},"class_list":["post-65","page","type-page","status-publish","hentry"],"_links":{"self":[{"href":"https:\/\/lcmarket.pro\/fr\/wp-json\/wp\/v2\/pages\/65","targetHints":{"allow":["GET"]}}],"collection":[{"href":"https:\/\/lcmarket.pro\/fr\/wp-json\/wp\/v2\/pages"}],"about":[{"href":"https:\/\/lcmarket.pro\/fr\/wp-json\/wp\/v2\/types\/page"}],"author":[{"embeddable":true,"href":"https:\/\/lcmarket.pro\/fr\/wp-json\/wp\/v2\/users\/1"}],"replies":[{"embeddable":true,"href":"https:\/\/lcmarket.pro\/fr\/wp-json\/wp\/v2\/comments?post=65"}],"version-history":[{"count":2,"href":"https:\/\/lcmarket.pro\/fr\/wp-json\/wp\/v2\/pages\/65\/revisions"}],"predecessor-version":[{"id":153,"href":"https:\/\/lcmarket.pro\/fr\/wp-json\/wp\/v2\/pages\/65\/revisions\/153"}],"wp:attachment":[{"href":"https:\/\/lcmarket.pro\/fr\/wp-json\/wp\/v2\/media?parent=65"}],"curies":[{"name":"wp","href":"https:\/\/api.w.org\/{rel}","templated":true}]}}