{"id":67,"date":"2025-06-18T12:45:09","date_gmt":"2025-06-18T09:45:09","guid":{"rendered":"https:\/\/lcmarket.pro\/?page_id=67"},"modified":"2025-06-24T16:30:02","modified_gmt":"2025-06-24T13:30:02","slug":"contacts","status":"publish","type":"page","link":"https:\/\/lcmarket.pro\/fr\/contacts\/","title":{"rendered":"Contacts"},"content":{"rendered":"<h2>Nous sommes l\u00e0 pour vous aider \u00e0 prendre des d\u00e9cisions d\u2019investissement \u00e9clair\u00e9es<\/h2>\n<p class=\"text1\">Que vous ayez des questions, besoin de conseils ou envie de vous lancer \u2014 notre \u00e9quipe est pr\u00eate \u00e0 vous accompagner. Remplissez le formulaire et votre Responsable du succ\u00e8s vous contactera rapidement.<\/p>\n","protected":false},"excerpt":{"rendered":"<p>Nous sommes l\u00e0 pour vous aider \u00e0 prendre des d\u00e9cisions d\u2019investissement \u00e9clair\u00e9es Que vous ayez des questions, besoin de conseils ou envie de vous lancer \u2014 notre \u00e9quipe est pr\u00eate \u00e0 vous accompagner. Remplissez le formulaire et votre Responsable du succ\u00e8s vous contactera rapidement.<\/p>\n","protected":false},"author":1,"featured_media":0,"parent":0,"menu_order":0,"comment_status":"closed","ping_status":"closed","template":"pages-template\/template-contacts.php","meta":{"footnotes":""},"class_list":["post-67","page","type-page","status-publish","hentry"],"_links":{"self":[{"href":"https:\/\/lcmarket.pro\/fr\/wp-json\/wp\/v2\/pages\/67","targetHints":{"allow":["GET"]}}],"collection":[{"href":"https:\/\/lcmarket.pro\/fr\/wp-json\/wp\/v2\/pages"}],"about":[{"href":"https:\/\/lcmarket.pro\/fr\/wp-json\/wp\/v2\/types\/page"}],"author":[{"embeddable":true,"href":"https:\/\/lcmarket.pro\/fr\/wp-json\/wp\/v2\/users\/1"}],"replies":[{"embeddable":true,"href":"https:\/\/lcmarket.pro\/fr\/wp-json\/wp\/v2\/comments?post=67"}],"version-history":[{"count":2,"href":"https:\/\/lcmarket.pro\/fr\/wp-json\/wp\/v2\/pages\/67\/revisions"}],"predecessor-version":[{"id":136,"href":"https:\/\/lcmarket.pro\/fr\/wp-json\/wp\/v2\/pages\/67\/revisions\/136"}],"wp:attachment":[{"href":"https:\/\/lcmarket.pro\/fr\/wp-json\/wp\/v2\/media?parent=67"}],"curies":[{"name":"wp","href":"https:\/\/api.w.org\/{rel}","templated":true}]}}