{"id":72,"date":"2025-06-18T12:47:02","date_gmt":"2025-06-18T09:47:02","guid":{"rendered":"https:\/\/lcmarket.pro\/?page_id=72"},"modified":"2025-06-24T16:43:34","modified_gmt":"2025-06-24T13:43:34","slug":"legal","status":"publish","type":"page","link":"https:\/\/lcmarket.pro\/fr\/legal\/","title":{"rendered":"Informations juridiques"},"content":{"rendered":"<h2>Toutes les informations essentielles pour trader en toute s\u00e9curit\u00e9 et en toute confiance<\/h2>\n<p class=\"text1\">Parcourez nos politiques officielles, nos d\u00e9clarations l\u00e9gales et notre documentation client. Chez Lagrange, nous croyons en une transparence totale pour vous aider \u00e0 prendre des d\u00e9cisions \u00e9clair\u00e9es et garantir un environnement de trading s\u00e9curis\u00e9.<\/p>\n","protected":false},"excerpt":{"rendered":"<p>Toutes les informations essentielles pour trader en toute s\u00e9curit\u00e9 et en toute confiance Parcourez nos politiques officielles, nos d\u00e9clarations l\u00e9gales et notre documentation client. Chez Lagrange, nous croyons en une transparence totale pour vous aider \u00e0 prendre des d\u00e9cisions \u00e9clair\u00e9es et garantir un environnement de trading s\u00e9curis\u00e9.<\/p>\n","protected":false},"author":1,"featured_media":0,"parent":0,"menu_order":0,"comment_status":"closed","ping_status":"closed","template":"pages-template\/template-legal.php","meta":{"footnotes":""},"class_list":["post-72","page","type-page","status-publish","hentry"],"_links":{"self":[{"href":"https:\/\/lcmarket.pro\/fr\/wp-json\/wp\/v2\/pages\/72","targetHints":{"allow":["GET"]}}],"collection":[{"href":"https:\/\/lcmarket.pro\/fr\/wp-json\/wp\/v2\/pages"}],"about":[{"href":"https:\/\/lcmarket.pro\/fr\/wp-json\/wp\/v2\/types\/page"}],"author":[{"embeddable":true,"href":"https:\/\/lcmarket.pro\/fr\/wp-json\/wp\/v2\/users\/1"}],"replies":[{"embeddable":true,"href":"https:\/\/lcmarket.pro\/fr\/wp-json\/wp\/v2\/comments?post=72"}],"version-history":[{"count":2,"href":"https:\/\/lcmarket.pro\/fr\/wp-json\/wp\/v2\/pages\/72\/revisions"}],"predecessor-version":[{"id":147,"href":"https:\/\/lcmarket.pro\/fr\/wp-json\/wp\/v2\/pages\/72\/revisions\/147"}],"wp:attachment":[{"href":"https:\/\/lcmarket.pro\/fr\/wp-json\/wp\/v2\/media?parent=72"}],"curies":[{"name":"wp","href":"https:\/\/api.w.org\/{rel}","templated":true}]}}