{"id":80,"date":"2025-06-19T13:43:34","date_gmt":"2025-06-19T10:43:34","guid":{"rendered":"https:\/\/lcmarket.pro\/?page_id=80"},"modified":"2025-06-24T16:45:26","modified_gmt":"2025-06-24T13:45:26","slug":"portfolio","status":"publish","type":"page","link":"https:\/\/lcmarket.pro\/fr\/portfolio\/","title":{"rendered":"Portefeuille"},"content":{"rendered":"<h2>Portefeuille<\/h2>\n<p class=\"text1\">D\u00e9couvrez les entreprises, technologies et secteurs qui fa\u00e7onnent notre \u00e9cosyst\u00e8me en expansion. De l\u2019\u00e9nergie et la fabrication \u00e0 la biotechnologie et l\u2019IA \u2014 notre portefeuille refl\u00e8te notre engagement en faveur du progr\u00e8s, de la s\u00e9curit\u00e9 et de l\u2019innovation.<\/p>\n","protected":false},"excerpt":{"rendered":"<p>Portefeuille D\u00e9couvrez les entreprises, technologies et secteurs qui fa\u00e7onnent notre \u00e9cosyst\u00e8me en expansion. De l\u2019\u00e9nergie et la fabrication \u00e0 la biotechnologie et l\u2019IA \u2014 notre portefeuille refl\u00e8te notre engagement en faveur du progr\u00e8s, de la s\u00e9curit\u00e9 et de l\u2019innovation.<\/p>\n","protected":false},"author":1,"featured_media":0,"parent":0,"menu_order":0,"comment_status":"closed","ping_status":"closed","template":"pages-template\/template-portfolio.php","meta":{"footnotes":""},"class_list":["post-80","page","type-page","status-publish","hentry"],"_links":{"self":[{"href":"https:\/\/lcmarket.pro\/fr\/wp-json\/wp\/v2\/pages\/80","targetHints":{"allow":["GET"]}}],"collection":[{"href":"https:\/\/lcmarket.pro\/fr\/wp-json\/wp\/v2\/pages"}],"about":[{"href":"https:\/\/lcmarket.pro\/fr\/wp-json\/wp\/v2\/types\/page"}],"author":[{"embeddable":true,"href":"https:\/\/lcmarket.pro\/fr\/wp-json\/wp\/v2\/users\/1"}],"replies":[{"embeddable":true,"href":"https:\/\/lcmarket.pro\/fr\/wp-json\/wp\/v2\/comments?post=80"}],"version-history":[{"count":3,"href":"https:\/\/lcmarket.pro\/fr\/wp-json\/wp\/v2\/pages\/80\/revisions"}],"predecessor-version":[{"id":150,"href":"https:\/\/lcmarket.pro\/fr\/wp-json\/wp\/v2\/pages\/80\/revisions\/150"}],"wp:attachment":[{"href":"https:\/\/lcmarket.pro\/fr\/wp-json\/wp\/v2\/media?parent=80"}],"curies":[{"name":"wp","href":"https:\/\/api.w.org\/{rel}","templated":true}]}}