{"id":84,"date":"2025-06-19T14:13:13","date_gmt":"2025-06-19T11:13:13","guid":{"rendered":"https:\/\/lcmarket.pro\/?page_id=84"},"modified":"2025-06-24T16:36:48","modified_gmt":"2025-06-24T13:36:48","slug":"education","status":"publish","type":"page","link":"https:\/\/lcmarket.pro\/fr\/education\/","title":{"rendered":"L&#8217;\u00e9ducation"},"content":{"rendered":"<h2>Accompagner votre parcours de trading du d\u00e9butant au pro<\/h2>\n<p class=\"text1\">Apprenez \u00e0 votre rythme gr\u00e2ce \u00e0 des modules \u00e9ducatifs adapt\u00e9s \u00e0 chaque niveau d\u2019exp\u00e9rience. Des bases aux strat\u00e9gies avanc\u00e9es \u2014 d\u00e9veloppez vos connaissances en toute confiance.<\/p>\n","protected":false},"excerpt":{"rendered":"<p>Accompagner votre parcours de trading du d\u00e9butant au pro Apprenez \u00e0 votre rythme gr\u00e2ce \u00e0 des modules \u00e9ducatifs adapt\u00e9s \u00e0 chaque niveau d\u2019exp\u00e9rience. Des bases aux strat\u00e9gies avanc\u00e9es \u2014 d\u00e9veloppez vos connaissances en toute confiance.<\/p>\n","protected":false},"author":1,"featured_media":0,"parent":0,"menu_order":0,"comment_status":"closed","ping_status":"closed","template":"pages-template\/template-education.php","meta":{"footnotes":""},"class_list":["post-84","page","type-page","status-publish","hentry"],"_links":{"self":[{"href":"https:\/\/lcmarket.pro\/fr\/wp-json\/wp\/v2\/pages\/84","targetHints":{"allow":["GET"]}}],"collection":[{"href":"https:\/\/lcmarket.pro\/fr\/wp-json\/wp\/v2\/pages"}],"about":[{"href":"https:\/\/lcmarket.pro\/fr\/wp-json\/wp\/v2\/types\/page"}],"author":[{"embeddable":true,"href":"https:\/\/lcmarket.pro\/fr\/wp-json\/wp\/v2\/users\/1"}],"replies":[{"embeddable":true,"href":"https:\/\/lcmarket.pro\/fr\/wp-json\/wp\/v2\/comments?post=84"}],"version-history":[{"count":3,"href":"https:\/\/lcmarket.pro\/fr\/wp-json\/wp\/v2\/pages\/84\/revisions"}],"predecessor-version":[{"id":141,"href":"https:\/\/lcmarket.pro\/fr\/wp-json\/wp\/v2\/pages\/84\/revisions\/141"}],"wp:attachment":[{"href":"https:\/\/lcmarket.pro\/fr\/wp-json\/wp\/v2\/media?parent=84"}],"curies":[{"name":"wp","href":"https:\/\/api.w.org\/{rel}","templated":true}]}}